{"id":1840,"date":"2025-08-29T09:22:27","date_gmt":"2025-08-29T07:22:27","guid":{"rendered":"https:\/\/danishfibres.danspot.dk\/uber-uns\/haendler\/"},"modified":"2025-10-06T13:22:17","modified_gmt":"2025-10-06T11:22:17","slug":"haendler","status":"publish","type":"page","link":"https:\/\/danishfibres.danspot.dk\/de\/ueber-uns\/haendler\/","title":{"rendered":"H\u00e4ndler"},"content":{"rendered":"\t\t<div data-elementor-type=\"wp-page\" data-elementor-id=\"1840\" class=\"elementor elementor-1840 elementor-1298\" data-elementor-post-type=\"page\">\n\t\t\t\t<div class=\"elementor-element elementor-element-a586641 e-flex e-con-boxed e-con e-parent\" data-id=\"a586641\" data-element_type=\"container\" data-e-type=\"container\" data-settings=\"{&quot;background_background&quot;:&quot;classic&quot;}\">\n\t\t\t\t\t<div class=\"e-con-inner\">\n\t\t\t\t<div class=\"elementor-element elementor-element-658f07d elementor-nav-menu--dropdown-mobile elementor-hidden-mobile elementor-nav-menu__text-align-aside elementor-widget elementor-widget-nav-menu\" data-id=\"658f07d\" data-element_type=\"widget\" data-e-type=\"widget\" data-settings=\"{&quot;submenu_icon&quot;:{&quot;value&quot;:&quot;&lt;svg aria-hidden=\\&quot;true\\&quot; class=\\&quot;fa-svg-chevron-down e-font-icon-svg e-fas-chevron-down\\&quot; viewBox=\\&quot;0 0 448 512\\&quot; xmlns=\\&quot;http:\\\/\\\/www.w3.org\\\/2000\\\/svg\\&quot;&gt;&lt;path d=\\&quot;M207.029 381.476L12.686 187.132c-9.373-9.373-9.373-24.569 0-33.941l22.667-22.667c9.357-9.357 24.522-9.375 33.901-.04L224 284.505l154.745-154.021c9.379-9.335 24.544-9.317 33.901.04l22.667 22.667c9.373 9.373 9.373 24.569 0 33.941L240.971 381.476c-9.373 9.372-24.569 9.372-33.942 0z\\&quot;&gt;&lt;\\\/path&gt;&lt;\\\/svg&gt;&quot;,&quot;library&quot;:&quot;fa-solid&quot;},&quot;layout&quot;:&quot;horizontal&quot;}\" data-widget_type=\"nav-menu.default\">\n\t\t\t\t\t\t\t\t<nav aria-label=\"Menu\" class=\"elementor-nav-menu--main elementor-nav-menu__container elementor-nav-menu--layout-horizontal e--pointer-none\">\n\t\t\t\t<ul id=\"menu-1-658f07d\" class=\"elementor-nav-menu\"><li class=\"menu-item menu-item-type-post_type menu-item-object-page menu-item-2950\"><a href=\"https:\/\/danishfibres.danspot.dk\/about\/\" class=\"elementor-item\">\u00dcber uns<\/a><\/li>\n<li class=\"menu-item menu-item-type-post_type menu-item-object-page menu-item-1347\"><a href=\"https:\/\/danishfibres.danspot.dk\/about\/our-strengths\/\" class=\"elementor-item\">Unsere St\u00e4rken<\/a><\/li>\n<li class=\"menu-item menu-item-type-post_type menu-item-object-page menu-item-has-children menu-item-1365\"><a href=\"https:\/\/danishfibres.danspot.dk\/cases\/\" class=\"elementor-item\">Fallstudien<\/a>\n<ul class=\"sub-menu elementor-nav-menu--dropdown\">\n\t<li class=\"menu-item menu-item-type-post_type menu-item-object-page menu-item-1364\"><a href=\"https:\/\/danishfibres.danspot.dk\/cases\/turning-torso\/\" class=\"elementor-sub-item\">Turning Torso<\/a><\/li>\n<\/ul>\n<\/li>\n<li class=\"menu-item menu-item-type-post_type menu-item-object-page menu-item-has-children menu-item-1344\"><a href=\"https:\/\/danishfibres.danspot.dk\/about\/certifications\/\" class=\"elementor-item\">Zertifizierungen<\/a>\n<ul class=\"sub-menu elementor-nav-menu--dropdown\">\n\t<li class=\"menu-item menu-item-type-post_type menu-item-object-page menu-item-1345\"><a href=\"https:\/\/danishfibres.danspot.dk\/about\/certifications\/creep-test\/\" class=\"elementor-sub-item\">Creep-Test<\/a><\/li>\n<\/ul>\n<\/li>\n<li class=\"menu-item menu-item-type-post_type menu-item-object-page menu-item-1207\"><a href=\"https:\/\/danishfibres.danspot.dk\/about\/data-sheets\/\" class=\"elementor-item\">Datenbl\u00e4tter<\/a><\/li>\n<li class=\"menu-item menu-item-type-post_type menu-item-object-page menu-item-1343\"><a href=\"https:\/\/danishfibres.danspot.dk\/about\/dealers\/\" class=\"elementor-item\">H\u00e4ndler<\/a><\/li>\n<li class=\"menu-item menu-item-type-post_type menu-item-object-page menu-item-has-children menu-item-1342\"><a href=\"https:\/\/danishfibres.danspot.dk\/about\/sustainability\/\" class=\"elementor-item\">Nachhaltigkeit<\/a>\n<ul class=\"sub-menu elementor-nav-menu--dropdown\">\n\t<li class=\"menu-item menu-item-type-post_type menu-item-object-page menu-item-1341\"><a href=\"https:\/\/danishfibres.danspot.dk\/about\/circularity\/\" class=\"elementor-sub-item\">Kreislaufwirtschaft<\/a><\/li>\n\t<li class=\"menu-item menu-item-type-post_type menu-item-object-page menu-item-1340\"><a href=\"https:\/\/danishfibres.danspot.dk\/about\/danish-fibres-and-microplastics\/\" class=\"elementor-sub-item\">Danish Fibres und Mikroplastik<\/a><\/li>\n\t<li class=\"menu-item menu-item-type-post_type menu-item-object-page menu-item-1366\"><a href=\"https:\/\/danishfibres.danspot.dk\/about\/epd\/\" class=\"elementor-sub-item\">EPD<\/a><\/li>\n<\/ul>\n<\/li>\n<\/ul>\t\t\t<\/nav>\n\t\t\t\t\t\t<nav class=\"elementor-nav-menu--dropdown elementor-nav-menu__container\" aria-hidden=\"true\">\n\t\t\t\t<ul id=\"menu-2-658f07d\" class=\"elementor-nav-menu\"><li class=\"menu-item menu-item-type-post_type menu-item-object-page menu-item-2950\"><a href=\"https:\/\/danishfibres.danspot.dk\/about\/\" class=\"elementor-item\" tabindex=\"-1\">\u00dcber uns<\/a><\/li>\n<li class=\"menu-item menu-item-type-post_type menu-item-object-page menu-item-1347\"><a href=\"https:\/\/danishfibres.danspot.dk\/about\/our-strengths\/\" class=\"elementor-item\" tabindex=\"-1\">Unsere St\u00e4rken<\/a><\/li>\n<li class=\"menu-item menu-item-type-post_type menu-item-object-page menu-item-has-children menu-item-1365\"><a href=\"https:\/\/danishfibres.danspot.dk\/cases\/\" class=\"elementor-item\" tabindex=\"-1\">Fallstudien<\/a>\n<ul class=\"sub-menu elementor-nav-menu--dropdown\">\n\t<li class=\"menu-item menu-item-type-post_type menu-item-object-page menu-item-1364\"><a href=\"https:\/\/danishfibres.danspot.dk\/cases\/turning-torso\/\" class=\"elementor-sub-item\" tabindex=\"-1\">Turning Torso<\/a><\/li>\n<\/ul>\n<\/li>\n<li class=\"menu-item menu-item-type-post_type menu-item-object-page menu-item-has-children menu-item-1344\"><a href=\"https:\/\/danishfibres.danspot.dk\/about\/certifications\/\" class=\"elementor-item\" tabindex=\"-1\">Zertifizierungen<\/a>\n<ul class=\"sub-menu elementor-nav-menu--dropdown\">\n\t<li class=\"menu-item menu-item-type-post_type menu-item-object-page menu-item-1345\"><a href=\"https:\/\/danishfibres.danspot.dk\/about\/certifications\/creep-test\/\" class=\"elementor-sub-item\" tabindex=\"-1\">Creep-Test<\/a><\/li>\n<\/ul>\n<\/li>\n<li class=\"menu-item menu-item-type-post_type menu-item-object-page menu-item-1207\"><a href=\"https:\/\/danishfibres.danspot.dk\/about\/data-sheets\/\" class=\"elementor-item\" tabindex=\"-1\">Datenbl\u00e4tter<\/a><\/li>\n<li class=\"menu-item menu-item-type-post_type menu-item-object-page menu-item-1343\"><a href=\"https:\/\/danishfibres.danspot.dk\/about\/dealers\/\" class=\"elementor-item\" tabindex=\"-1\">H\u00e4ndler<\/a><\/li>\n<li class=\"menu-item menu-item-type-post_type menu-item-object-page menu-item-has-children menu-item-1342\"><a href=\"https:\/\/danishfibres.danspot.dk\/about\/sustainability\/\" class=\"elementor-item\" tabindex=\"-1\">Nachhaltigkeit<\/a>\n<ul class=\"sub-menu elementor-nav-menu--dropdown\">\n\t<li class=\"menu-item menu-item-type-post_type menu-item-object-page menu-item-1341\"><a href=\"https:\/\/danishfibres.danspot.dk\/about\/circularity\/\" class=\"elementor-sub-item\" tabindex=\"-1\">Kreislaufwirtschaft<\/a><\/li>\n\t<li class=\"menu-item menu-item-type-post_type menu-item-object-page menu-item-1340\"><a href=\"https:\/\/danishfibres.danspot.dk\/about\/danish-fibres-and-microplastics\/\" class=\"elementor-sub-item\" tabindex=\"-1\">Danish Fibres und Mikroplastik<\/a><\/li>\n\t<li class=\"menu-item menu-item-type-post_type menu-item-object-page menu-item-1366\"><a href=\"https:\/\/danishfibres.danspot.dk\/about\/epd\/\" class=\"elementor-sub-item\" tabindex=\"-1\">EPD<\/a><\/li>\n<\/ul>\n<\/li>\n<\/ul>\t\t\t<\/nav>\n\t\t\t\t\t\t<\/div>\n\t\t\t\t<div class=\"elementor-element elementor-element-cf8de21 elementor-widget elementor-widget-breadcrumbs\" data-id=\"cf8de21\" data-element_type=\"widget\" data-e-type=\"widget\" data-widget_type=\"breadcrumbs.default\">\n\t\t\t\t\t<p id=\"breadcrumbs\"><span><span><a href=\"https:\/\/danishfibres.danspot.dk\/de\/\">Danish Fibres<\/a><\/span><\/span><\/p>\t\t\t\t<\/div>\n\t\t<div class=\"elementor-element elementor-element-7c5696f e-con-full e-flex e-con e-child\" data-id=\"7c5696f\" data-element_type=\"container\" data-e-type=\"container\" data-settings=\"{&quot;background_background&quot;:&quot;classic&quot;}\">\n\t\t<div class=\"elementor-element elementor-element-1b708e6 e-con-full e-flex e-con e-child\" data-id=\"1b708e6\" data-element_type=\"container\" data-e-type=\"container\">\n\t\t<div class=\"elementor-element elementor-element-7a80f8e e-con-full e-flex e-con e-child\" data-id=\"7a80f8e\" data-element_type=\"container\" data-e-type=\"container\">\n\t\t\t\t<div class=\"elementor-element elementor-element-37ceceb elementor-widget elementor-widget-heading\" data-id=\"37ceceb\" data-element_type=\"widget\" data-e-type=\"widget\" data-widget_type=\"heading.default\">\n\t\t\t\t\t<h1 class=\"elementor-heading-title elementor-size-default\">H\u00e4ndler<\/h1>\t\t\t\t<\/div>\n\t\t\t\t<div class=\"elementor-element elementor-element-b578c5f elementor-widget__width-inherit df-text elementor-widget elementor-widget-text-editor\" data-id=\"b578c5f\" data-element_type=\"widget\" data-e-type=\"widget\" data-widget_type=\"text-editor.default\">\n\t\t\t\t\t\t\t\t\t<p>Wir liefern weltweit Faserstoffe und kooperieren mit H\u00e4ndlern in folgenden L\u00e4ndern:<\/p><p>\u00d6sterreich<br>Belgien<br>Kanada<br>Zypern<br>D\u00e4nemark<br>Frankreich<br>Deutschland<br>Italien<br>Niederlande<br>Schweiz<br>Spanien<br>Schweden<br>Gro\u00dfbritannien<br>USA<\/p><p>F\u00fcr weitere Informationen wenden Sie sich bitte an Danish Fibres A\/S unter Tel. +45 88 38 98 90. +45 88 38 98 90.<\/p>\t\t\t\t\t\t\t\t<\/div>\n\t\t\t\t<\/div>\n\t\t\t\t<\/div>\n\t\t<div class=\"elementor-element elementor-element-27ab0d4 e-con-full e-flex e-con e-child\" data-id=\"27ab0d4\" data-element_type=\"container\" data-e-type=\"container\">\n\t\t\t\t<\/div>\n\t\t\t\t<\/div>\n\t\t\t\t\t<\/div>\n\t\t\t\t<\/div>\n\t\t\t\t<\/div>\n\t\t","protected":false},"excerpt":{"rendered":"<p>H\u00e4ndler Wir liefern weltweit Faserstoffe und kooperieren mit H\u00e4ndlern in folgenden L\u00e4ndern: \u00d6sterreichBelgienKanadaZypernD\u00e4nemarkFrankreichDeutschlandItalienNiederlandeSchweizSpanienSchwedenGro\u00dfbritannienUSA F\u00fcr weitere Informationen wenden Sie sich bitte an Danish Fibres A\/S unter Tel. +45 88 38 98 90. +45 88 38 98 90.<\/p>\n","protected":false},"author":2,"featured_media":0,"parent":2867,"menu_order":0,"comment_status":"closed","ping_status":"closed","template":"","meta":{"_acf_changed":false,"footnotes":""},"class_list":["post-1840","page","type-page","status-publish","hentry"],"acf":[],"yoast_head":"<!-- This site is optimized with the Yoast SEO plugin v27.5 - https:\/\/yoast.com\/product\/yoast-seo-wordpress\/ -->\n<title>H\u00e4ndler - Danish Fibres<\/title>\n<meta name=\"robots\" content=\"noindex, follow, max-snippet:-1, max-image-preview:large, max-video-preview:-1\" \/>\n<meta property=\"og:locale\" content=\"de_DE\" \/>\n<meta property=\"og:type\" content=\"article\" \/>\n<meta property=\"og:title\" content=\"H\u00e4ndler - Danish Fibres\" \/>\n<meta property=\"og:description\" content=\"H\u00e4ndler Wir liefern weltweit Faserstoffe und kooperieren mit H\u00e4ndlern in folgenden L\u00e4ndern: \u00d6sterreichBelgienKanadaZypernD\u00e4nemarkFrankreichDeutschlandItalienNiederlandeSchweizSpanienSchwedenGro\u00dfbritannienUSA F\u00fcr weitere Informationen wenden Sie sich bitte an Danish Fibres A\/S unter Tel. +45 88 38 98 90. +45 88 38 98 90.\" \/>\n<meta property=\"og:url\" content=\"https:\/\/danishfibres.danspot.dk\/de\/ueber-uns\/haendler\/\" \/>\n<meta property=\"og:site_name\" content=\"Danish Fibres\" \/>\n<meta property=\"article:modified_time\" content=\"2025-10-06T11:22:17+00:00\" \/>\n<meta name=\"twitter:card\" content=\"summary_large_image\" \/>\n<script type=\"application\/ld+json\" class=\"yoast-schema-graph\">{\"@context\":\"https:\\\/\\\/schema.org\",\"@graph\":[{\"@type\":\"WebPage\",\"@id\":\"https:\\\/\\\/danishfibres.danspot.dk\\\/de\\\/ueber-uns\\\/haendler\\\/\",\"url\":\"https:\\\/\\\/danishfibres.danspot.dk\\\/de\\\/ueber-uns\\\/haendler\\\/\",\"name\":\"H\u00e4ndler - Danish Fibres\",\"isPartOf\":{\"@id\":\"https:\\\/\\\/danishfibres.danspot.dk\\\/de\\\/#website\"},\"datePublished\":\"2025-08-29T07:22:27+00:00\",\"dateModified\":\"2025-10-06T11:22:17+00:00\",\"breadcrumb\":{\"@id\":\"https:\\\/\\\/danishfibres.danspot.dk\\\/de\\\/ueber-uns\\\/haendler\\\/#breadcrumb\"},\"inLanguage\":\"de\",\"potentialAction\":[{\"@type\":\"ReadAction\",\"target\":[\"https:\\\/\\\/danishfibres.danspot.dk\\\/de\\\/ueber-uns\\\/haendler\\\/\"]}]},{\"@type\":\"BreadcrumbList\",\"@id\":\"https:\\\/\\\/danishfibres.danspot.dk\\\/de\\\/ueber-uns\\\/haendler\\\/#breadcrumb\",\"itemListElement\":[{\"@type\":\"ListItem\",\"position\":1,\"name\":\"Danish Fibres\",\"item\":\"https:\\\/\\\/danishfibres.danspot.dk\\\/de\\\/\"},{\"@type\":\"ListItem\",\"position\":2,\"name\":\"\u00dcber uns\",\"item\":\"https:\\\/\\\/danishfibres.danspot.dk\\\/de\\\/ueber-uns\\\/\"},{\"@type\":\"ListItem\",\"position\":3,\"name\":\"H\u00e4ndler\"}]},{\"@type\":\"WebSite\",\"@id\":\"https:\\\/\\\/danishfibres.danspot.dk\\\/de\\\/#website\",\"url\":\"https:\\\/\\\/danishfibres.danspot.dk\\\/de\\\/\",\"name\":\"Danish Fibres\",\"description\":\"Benefit from 40 years experience\",\"potentialAction\":[{\"@type\":\"SearchAction\",\"target\":{\"@type\":\"EntryPoint\",\"urlTemplate\":\"https:\\\/\\\/danishfibres.danspot.dk\\\/de\\\/?s={search_term_string}\"},\"query-input\":{\"@type\":\"PropertyValueSpecification\",\"valueRequired\":true,\"valueName\":\"search_term_string\"}}],\"inLanguage\":\"de\"}]}<\/script>\n<!-- \/ Yoast SEO plugin. -->","yoast_head_json":{"title":"H\u00e4ndler - Danish Fibres","robots":{"index":"noindex","follow":"follow","max-snippet":"max-snippet:-1","max-image-preview":"max-image-preview:large","max-video-preview":"max-video-preview:-1"},"og_locale":"de_DE","og_type":"article","og_title":"H\u00e4ndler - Danish Fibres","og_description":"H\u00e4ndler Wir liefern weltweit Faserstoffe und kooperieren mit H\u00e4ndlern in folgenden L\u00e4ndern: \u00d6sterreichBelgienKanadaZypernD\u00e4nemarkFrankreichDeutschlandItalienNiederlandeSchweizSpanienSchwedenGro\u00dfbritannienUSA F\u00fcr weitere Informationen wenden Sie sich bitte an Danish Fibres A\/S unter Tel. +45 88 38 98 90. +45 88 38 98 90.","og_url":"https:\/\/danishfibres.danspot.dk\/de\/ueber-uns\/haendler\/","og_site_name":"Danish Fibres","article_modified_time":"2025-10-06T11:22:17+00:00","twitter_card":"summary_large_image","schema":{"@context":"https:\/\/schema.org","@graph":[{"@type":"WebPage","@id":"https:\/\/danishfibres.danspot.dk\/de\/ueber-uns\/haendler\/","url":"https:\/\/danishfibres.danspot.dk\/de\/ueber-uns\/haendler\/","name":"H\u00e4ndler - Danish Fibres","isPartOf":{"@id":"https:\/\/danishfibres.danspot.dk\/de\/#website"},"datePublished":"2025-08-29T07:22:27+00:00","dateModified":"2025-10-06T11:22:17+00:00","breadcrumb":{"@id":"https:\/\/danishfibres.danspot.dk\/de\/ueber-uns\/haendler\/#breadcrumb"},"inLanguage":"de","potentialAction":[{"@type":"ReadAction","target":["https:\/\/danishfibres.danspot.dk\/de\/ueber-uns\/haendler\/"]}]},{"@type":"BreadcrumbList","@id":"https:\/\/danishfibres.danspot.dk\/de\/ueber-uns\/haendler\/#breadcrumb","itemListElement":[{"@type":"ListItem","position":1,"name":"Danish Fibres","item":"https:\/\/danishfibres.danspot.dk\/de\/"},{"@type":"ListItem","position":2,"name":"\u00dcber uns","item":"https:\/\/danishfibres.danspot.dk\/de\/ueber-uns\/"},{"@type":"ListItem","position":3,"name":"H\u00e4ndler"}]},{"@type":"WebSite","@id":"https:\/\/danishfibres.danspot.dk\/de\/#website","url":"https:\/\/danishfibres.danspot.dk\/de\/","name":"Danish Fibres","description":"Benefit from 40 years experience","potentialAction":[{"@type":"SearchAction","target":{"@type":"EntryPoint","urlTemplate":"https:\/\/danishfibres.danspot.dk\/de\/?s={search_term_string}"},"query-input":{"@type":"PropertyValueSpecification","valueRequired":true,"valueName":"search_term_string"}}],"inLanguage":"de"}]}},"_links":{"self":[{"href":"https:\/\/danishfibres.danspot.dk\/de\/wp-json\/wp\/v2\/pages\/1840","targetHints":{"allow":["GET"]}}],"collection":[{"href":"https:\/\/danishfibres.danspot.dk\/de\/wp-json\/wp\/v2\/pages"}],"about":[{"href":"https:\/\/danishfibres.danspot.dk\/de\/wp-json\/wp\/v2\/types\/page"}],"author":[{"embeddable":true,"href":"https:\/\/danishfibres.danspot.dk\/de\/wp-json\/wp\/v2\/users\/2"}],"replies":[{"embeddable":true,"href":"https:\/\/danishfibres.danspot.dk\/de\/wp-json\/wp\/v2\/comments?post=1840"}],"version-history":[{"count":3,"href":"https:\/\/danishfibres.danspot.dk\/de\/wp-json\/wp\/v2\/pages\/1840\/revisions"}],"predecessor-version":[{"id":1843,"href":"https:\/\/danishfibres.danspot.dk\/de\/wp-json\/wp\/v2\/pages\/1840\/revisions\/1843"}],"up":[{"embeddable":true,"href":"https:\/\/danishfibres.danspot.dk\/de\/wp-json\/wp\/v2\/pages\/2867"}],"wp:attachment":[{"href":"https:\/\/danishfibres.danspot.dk\/de\/wp-json\/wp\/v2\/media?parent=1840"}],"curies":[{"name":"wp","href":"https:\/\/api.w.org\/{rel}","templated":true}]}}